{"id":736,"date":"2020-03-10T15:38:01","date_gmt":"2020-03-10T14:38:01","guid":{"rendered":"https:\/\/www.timbro-express.it\/tendamica\/?page_id=736"},"modified":"2020-03-10T19:05:36","modified_gmt":"2020-03-10T18:05:36","slug":"txt","status":"publish","type":"page","link":"https:\/\/www.timbro-express.it\/tendamica\/prodotti\/tende-da-sole\/tende-a-bracci\/txt\/","title":{"rendered":"txt"},"content":{"rendered":"<div>TXT<\/div>\n<div>\n<p>Tenda a bracci con cassonetto dal design unico, con led e volant frontale<\/p>\n<\/div>\n<ul>\n<li>\n<p>        <img decoding=\"async\" src=\"wp-content\/uploads\/txt-00.jpg\" alt=\"\"><\/p>\n<h3>txt-00<\/h3>\n<\/li>\n<li>\n<p>        <img decoding=\"async\" src=\"wp-content\/uploads\/txt-01.jpg\" alt=\"\"><\/p>\n<h3>txt-01<\/h3>\n<\/li>\n<li>\n<p>        <img decoding=\"async\" src=\"wp-content\/uploads\/txt-02.jpg\" alt=\"\"><\/p>\n<h3>txt-02<\/h3>\n<\/li>\n<\/ul>\n<p><img decoding=\"async\" src=\"wp-content\/uploads\/pin-txt.png\" alt=\"\"><\/p>\n<ul>\n<li>\n<h6>Design innovativo<\/h6>\n<\/li>\n<li>\n<h6>illuminazione Led integrata<\/h6>\n<\/li>\n<li>\n<h6>Volant frontale avvolgibile<\/h6>\n<\/li>\n<\/ul>\n<div>\n<div class=\"field-wrapper field field-node--field-product-ts-description field-name-field-product-ts-description field-type-text-long field-label-hidden\">\n<div class=\"field-items\">\n<div class=\"field-item\">\n<p>TXT \u00e8 la tenda a bracci in cassonetto dal design tagliente, caratterizzato dalla particolare texture a elementi paralleli in grado di decorare lo spazio tridimensionale e allo stesso tempo mimetizzare gli elementi tecnici a vista.<\/p>\n<p>Vero e proprio elemento architettonico, TXT \u00e8 la tenda a bracci pensata per definire e valorizzare le superfici verticali esterne di un edificio. Con le sue dimensioni imponenti e il look insolito, \u00e8 la soluzione perfetta per le architetture moderne e all\u2019avanguardia.<\/p>\n<p>I nuovi bracci Edge 75 consentono un\u2019inclinazione variabile da -10 a -45 gradi, raggiungono sporgenze importanti e permettono di portare l\u2019illuminazione a led anche nel frontale della tenda, oltre che lungo la parte inferiore del cassonetto. L\u2019attacco \u00e8 a parete e la movimentazione \u00e8 a motore. In TXT \u00e8 disponibile anche un Volant avvolgibile frontale, perfetto per ombreggiare dal sole nelle ore pomeridiane e serali.<\/p>\n<\/div>\n<\/div>\n<\/div>\n<\/div>\n<p>\n    <a href=\"https:\/\/www.gibus.com\/it\/node\/112133\/download\/catalogue\/txt\">Brochure informativa<\/a>\n<\/p>\n<h1>Richiedi informazioni<\/h1>\n<div>\n\n<div class=\"wpcf7 no-js\" id=\"wpcf7-f169-o1\" lang=\"it-IT\" dir=\"ltr\" data-wpcf7-id=\"169\">\n<div class=\"screen-reader-response\"><p role=\"status\" aria-live=\"polite\" aria-atomic=\"true\"><\/p> <ul><\/ul><\/div>\n<form action=\"\/tendamica\/wp-json\/wp\/v2\/pages\/736#wpcf7-f169-o1\" method=\"post\" class=\"wpcf7-form init\" aria-label=\"Modulo di contatto\" novalidate=\"novalidate\" data-status=\"init\">\n<fieldset class=\"hidden-fields-container\"><input type=\"hidden\" name=\"_wpcf7\" value=\"169\" \/><input type=\"hidden\" name=\"_wpcf7_version\" value=\"6.1.5\" \/><input type=\"hidden\" name=\"_wpcf7_locale\" value=\"it_IT\" \/><input type=\"hidden\" name=\"_wpcf7_unit_tag\" value=\"wpcf7-f169-o1\" \/><input type=\"hidden\" name=\"_wpcf7_container_post\" value=\"0\" \/><input type=\"hidden\" name=\"_wpcf7_posted_data_hash\" value=\"\" \/><input type=\"hidden\" name=\"_wpcf7_recaptcha_response\" value=\"\" \/>\n<\/fieldset>\n<p><label> Il tuo nome (richiesto)<br \/>\n<span class=\"wpcf7-form-control-wrap\" data-name=\"your-name\"><input size=\"40\" maxlength=\"400\" class=\"wpcf7-form-control wpcf7-text wpcf7-validates-as-required uk-input\" aria-required=\"true\" aria-invalid=\"false\" value=\"\" type=\"text\" name=\"your-name\" \/><\/span> <\/label>\n<\/p>\n<p><label> La tua email (richiesto)<br \/>\n<span class=\"wpcf7-form-control-wrap\" data-name=\"your-email\"><input size=\"40\" maxlength=\"400\" class=\"wpcf7-form-control wpcf7-email wpcf7-validates-as-required wpcf7-text wpcf7-validates-as-email uk-input\" aria-required=\"true\" aria-invalid=\"false\" value=\"\" type=\"email\" name=\"your-email\" \/><\/span> <\/label>\n<\/p>\n<p><label> Recapito telefonico<br \/>\n<span class=\"wpcf7-form-control-wrap\" data-name=\"tel-676\"><input size=\"40\" maxlength=\"400\" class=\"wpcf7-form-control wpcf7-tel wpcf7-text wpcf7-validates-as-tel uk-input\" aria-invalid=\"false\" value=\"\" type=\"tel\" name=\"tel-676\" \/><\/span> <\/label>\n<\/p>\n<p><label> Modello (richiesto)<br \/>\n<span class=\"wpcf7-form-control-wrap\" data-name=\"your-subject\"><input size=\"40\" maxlength=\"400\" class=\"wpcf7-form-control wpcf7-text wpcf7-validates-as-required uk-input\" aria-required=\"true\" aria-invalid=\"false\" value=\"\" type=\"text\" name=\"your-subject\" \/><\/span> <\/label>\n<\/p>\n<p><label> Il tuo messaggio (richiesto)<br \/>\n<span class=\"wpcf7-form-control-wrap\" data-name=\"your-message\"><textarea cols=\"40\" rows=\"10\" maxlength=\"2000\" class=\"wpcf7-form-control wpcf7-textarea wpcf7-validates-as-required uk-textarea\" aria-required=\"true\" aria-invalid=\"false\" name=\"your-message\"><\/textarea><\/span> <\/label>\n<\/p>\n<p><span class=\"wpcf7-form-control-wrap\" data-name=\"accetta-privacy\"><span class=\"wpcf7-form-control wpcf7-acceptance\"><span class=\"wpcf7-list-item\"><input type=\"checkbox\" name=\"accetta-privacy\" value=\"1\" class=\"uk-checkbox\" aria-invalid=\"false\" \/><\/span><\/span><\/span> Accetto le condizioni come da <span uk-lightbox> <a data-type=\"iframe\" href=\"https:\/\/www.iubenda.com\/privacy-policy\/68469501\">Privacy Policy<\/a><\/span>\n<\/p>\n<p><input class=\"wpcf7-form-control wpcf7-submit has-spinner uk-button uk-button-primary\" type=\"submit\" value=\"Invia\" \/>\n<\/p><div class=\"wpcf7-response-output\" aria-hidden=\"true\"><\/div>\n<\/form>\n<\/div>\n<\/div>\n<p><!-- {\"children\":[{\"type\":\"section\",\"props\":{\"style\":\"default\",\"width\":\"default\",\"vertical_align\":\"middle\",\"title_position\":\"top-left\",\"title_rotation\":\"left\",\"title_breakpoint\":\"xl\",\"image_position\":\"center-center\",\"text_color\":\"\",\"width_expand\":\"\",\"height\":\"\",\"padding\":\"xsmall\",\"header_transparent\":\"\",\"animation\":\"\",\"padding_remove_bottom\":false},\"children\":[{\"type\":\"row\",\"props\":{\"layout\":\",\",\"breakpoint\":\"m\",\"fixed_width\":\"large\",\"column_gap\":\"\",\"row_gap\":\"\",\"width\":\"\",\"width_expand\":\"\",\"height\":\"\",\"margin\":\"\"},\"children\":[{\"type\":\"column\",\"props\":{\"image_position\":\"center-center\",\"media_overlay_gradient\":\"\",\"vertical_align\":\"middle\",\"style\":\"\",\"text_color\":\"\",\"padding\":\"\"},\"children\":[{\"type\":\"wordpress_widget\",\"props\":{\"widget\":\"breadcrumbs-6\",\"style\":\"\",\"title_style\":\"\",\"title_decoration\":\"\",\"title_font_family\":\"\",\"title_color\":\"\",\"list_style\":\"\",\"link_style\":\"\",\"menu_style\":\"nav\",\"position\":\"\",\"position_z_index\":\"\",\"margin\":\"remove-vertical\",\"maxwidth\":\"\",\"maxwidth_breakpoint\":\"\",\"block_align\":\"\",\"block_align_breakpoint\":\"\",\"block_align_fallback\":\"\",\"text_align\":\"\",\"text_align_breakpoint\":\"\",\"text_align_fallback\":\"\",\"animation\":\"\",\"visibility\":\"\",\"type\":\"breadcrumbs\",\"class\":\"uk-visible\"},\"name\":\"myBreadcrumb\"}]},{\"type\":\"column\",\"props\":{\"image_position\":\"center-center\",\"media_overlay_gradient\":\"\",\"vertical_align\":\"middle\",\"style\":\"\",\"text_color\":\"\",\"padding\":\"\"},\"children\":[{\"type\":\"wordpress_widget\",\"props\":{\"widget\":\"nav_menu-5\",\"style\":\"\",\"title_style\":\"\",\"title_decoration\":\"\",\"title_font_family\":\"\",\"title_color\":\"\",\"list_style\":\"\",\"link_style\":\"\",\"menu_style\":\"subnav\",\"position\":\"\",\"position_z_index\":\"\",\"margin\":\"remove-vertical\",\"maxwidth\":\"\",\"maxwidth_breakpoint\":\"\",\"block_align\":\"\",\"block_align_breakpoint\":\"\",\"block_align_fallback\":\"\",\"text_align\":\"\",\"text_align_breakpoint\":\"m\",\"text_align_fallback\":\"\",\"animation\":\"\",\"visibility\":\"\",\"type\":\"nav_menu\",\"class\":\"uk-visible uk-align-right@m\",\"css\":\"a {text-transform: uppercase; font-size: 11px;}\"},\"name\":\"mymenu\"}]}]}],\"name\":\"prodotto \\\\ sezione \\\\ breadcrumb+menu \\\\ rev1\",\"version\":\"1.22.8\"},{\"type\":\"section\",\"props\":{\"style\":\"default\",\"width\":\"default\",\"vertical_align\":\"middle\",\"title_position\":\"top-left\",\"title_rotation\":\"left\",\"title_breakpoint\":\"xl\",\"image_position\":\"center-center\",\"text_color\":\"\",\"width_expand\":\"\",\"height\":\"\",\"padding\":\"xsmall\",\"header_transparent\":\"\",\"animation\":\"\",\"padding_remove_bottom\":false},\"children\":[{\"type\":\"row\",\"props\":{\"layout\":\"1-1\",\"breakpoint\":\"m\",\"fixed_width\":\"large\",\"column_gap\":\"\",\"row_gap\":\"\",\"width\":\"expand\",\"width_expand\":\"\",\"height\":\"\",\"margin\":\"\",\"margin_remove_bottom\":false},\"children\":[{\"type\":\"column\",\"props\":{\"image_position\":\"center-center\",\"media_overlay_gradient\":\"\",\"vertical_align\":\"\",\"style\":\"\",\"text_color\":\"\",\"padding\":\"\"},\"children\":[{\"type\":\"headline\",\"props\":{\"title_element\":\"div\",\"title_style\":\"heading-medium\",\"title_decoration\":\"\",\"title_font_family\":\"\",\"title_color\":\"\",\"position\":\"\",\"position_z_index\":\"\",\"margin\":\"\",\"maxwidth\":\"\",\"maxwidth_breakpoint\":\"\",\"block_align\":\"\",\"block_align_breakpoint\":\"\",\"block_align_fallback\":\"\",\"text_align\":\"center\",\"text_align_breakpoint\":\"\",\"text_align_fallback\":\"\",\"animation\":\"\",\"visibility\":\"\",\"content\":\"TXT\",\"class\":\"uk-text-capitalize uk-text-lighter\"},\"name\":\"pagina titolo\"},{\"type\":\"text\",\"props\":{\"margin\":\"medium\",\"column_breakpoint\":\"m\",\"text_style\":\"lead\",\"text_color\":\"muted\",\"text_size\":\"\",\"column\":\"\",\"position\":\"\",\"position_z_index\":\"\",\"maxwidth\":\"\",\"maxwidth_breakpoint\":\"\",\"block_align\":\"\",\"block_align_breakpoint\":\"\",\"block_align_fallback\":\"\",\"text_align\":\"center\",\"text_align_breakpoint\":\"\",\"text_align_fallback\":\"\",\"animation\":\"\",\"visibility\":\"s\",\"content\":\"\n\n<p>Tenda a bracci con cassonetto dal design unico, con led e volant frontale<\\\/p>\",\"dropcap\":false,\"class\":\"\"},\"name\":\"pagina descr\"}]}]},{\"type\":\"row\",\"props\":{\"layout\":\"1-1\",\"breakpoint\":\"m\",\"fixed_width\":\"large\",\"column_gap\":\"\",\"row_gap\":\"\",\"width\":\"\",\"width_expand\":\"\",\"height\":\"\",\"margin\":\"large\",\"margin_remove_top\":true,\"divider\":false},\"children\":[{\"type\":\"column\",\"props\":{\"image_position\":\"center-center\",\"media_overlay_gradient\":\"\",\"vertical_align\":\"\",\"style\":\"\",\"text_color\":\"\",\"padding\":\"\"},\"children\":[{\"type\":\"slideshow\",\"props\":{\"show_title\":false,\"show_meta\":false,\"show_content\":false,\"show_link\":false,\"show_thumbnail\":false,\"slideshow_min_height\":\"0\",\"slideshow_autoplay_pause\":true,\"nav\":\"dotnav\",\"nav_position\":\"bottom-center\",\"nav_position_margin\":\"small\",\"nav_align\":\"center\",\"nav_breakpoint\":\"m\",\"thumbnav_width\":\"100\",\"thumbnav_height\":\"75\",\"thumbnav_svg_color\":\"emphasis\",\"slidenav\":\"outside\",\"slidenav_margin\":\"\",\"slidenav_breakpoint\":\"\",\"slidenav_outside_breakpoint\":\"xl\",\"overlay_position\":\"center-left\",\"overlay_animation\":\"parallax\",\"title_element\":\"h3\",\"meta_style\":\"meta\",\"meta_align\":\"below-title\",\"link_text\":\"Read more\",\"link_style\":\"default\",\"margin\":\"remove-vertical\",\"slideshow_height\":\"\",\"text_color\":\"\",\"slideshow_box_shadow\":\"\",\"slideshow_box_decoration\":\"\",\"slideshow_animation\":\"\",\"slideshow_kenburns\":\"\",\"nav_margin\":\"\",\"nav_color\":\"\",\"slidenav_outside_color\":\"\",\"overlay_container\":\"\",\"overlay_container_padding\":\"\",\"overlay_margin\":\"\",\"overlay_style\":\"\",\"overlay_padding\":\"\",\"overlay_width\":\"\",\"title_style\":\"\",\"title_decoration\":\"\",\"title_font_family\":\"\",\"title_color\":\"\",\"title_margin\":\"\",\"meta_color\":\"\",\"meta_margin\":\"\",\"content_style\":\"\",\"content_margin\":\"remove\",\"link_size\":\"\",\"link_margin\":\"\",\"position\":\"\",\"position_z_index\":\"\",\"maxwidth\":\"\",\"maxwidth_breakpoint\":\"\",\"block_align\":\"\",\"block_align_breakpoint\":\"\",\"block_align_fallback\":\"\",\"text_align\":\"\",\"text_align_breakpoint\":\"\",\"text_align_fallback\":\"\",\"animation\":\"\",\"visibility\":\"\",\"slideshow_autoplay\":true,\"container_padding_remove\":false,\"slidenav_large\":true,\"slidenav_hover\":true,\"status\":\"\",\"class\":\"\",\"image_height\":\"\",\"slideshow_ratio\":\"1920:900\",\"image_width\":\"\",\"nav_below\":true,\"margin_remove_bottom\":false,\"margin_remove_top\":false},\"children\":[{\"type\":\"slideshow_item\",\"props\":{\"title\":\"txt-00\",\"image\":\"wp-content\\\/uploads\\\/txt-00.jpg\"}},{\"type\":\"slideshow_item\",\"props\":{\"title\":\"txt-01\",\"image\":\"wp-content\\\/uploads\\\/txt-01.jpg\"}},{\"type\":\"slideshow_item\",\"props\":{\"title\":\"txt-02\",\"image\":\"wp-content\\\/uploads\\\/txt-02.jpg\"}}]}]}]},{\"type\":\"row\",\"props\":{\"layout\":\",\",\"breakpoint\":\"m\",\"fixed_width\":\"large\",\"column_gap\":\"large\",\"row_gap\":\"\",\"width\":\"\",\"width_expand\":\"\",\"height\":\"\",\"margin\":\"\",\"divider\":true},\"children\":[{\"type\":\"column\",\"props\":{\"image_position\":\"center-center\",\"media_overlay_gradient\":\"\",\"vertical_align\":\"\",\"style\":\"\",\"text_color\":\"\",\"padding\":\"\"},\"children\":[{\"type\":\"popover\",\"props\":{\"show_title\":true,\"show_meta\":false,\"show_content\":false,\"show_image\":true,\"show_link\":false,\"icon\":\"plus\",\"drop_mode\":\"hover\",\"drop_position\":\"top-center\",\"card_style\":\"secondary\",\"title_element\":\"h6\",\"meta_style\":\"meta\",\"meta_align\":\"below-title\",\"image_card_padding\":true,\"image_svg_color\":\"emphasis\",\"link_text\":\"Read more\",\"link_style\":\"default\",\"margin\":\"default\",\"card_size\":\"small\",\"title_style\":\"h6\",\"title_decoration\":\"\",\"title_font_family\":\"\",\"title_color\":\"\",\"title_margin\":\"remove\",\"meta_color\":\"\",\"meta_margin\":\"\",\"content_style\":\"\",\"content_margin\":\"\",\"image_border\":\"\",\"link_type\":\"\",\"link_size\":\"\",\"link_margin\":\"\",\"position\":\"\",\"position_z_index\":\"\",\"maxwidth\":\"\",\"maxwidth_breakpoint\":\"\",\"block_align\":\"\",\"block_align_breakpoint\":\"\",\"block_align_fallback\":\"\",\"text_align\":\"center\",\"text_align_breakpoint\":\"\",\"text_align_fallback\":\"\",\"animation\":\"\",\"visibility\":\"\",\"drop_width\":\"200\",\"background_image\":\"wp-content\\\/uploads\\\/pin-txt.png\"},\"children\":[{\"type\":\"popover_item\",\"props\":{\"drop_position\":\"\",\"content\":\"\",\"position_x\":\"13\",\"position_y\":\"0\",\"title\":\"Design innovativo\"}},{\"type\":\"popover_item\",\"props\":{\"drop_position\":\"\",\"content\":\"\",\"position_x\":\"22\",\"position_y\":\"91\",\"title\":\"illuminazione Led integrata\"}},{\"type\":\"popover_item\",\"props\":{\"drop_position\":\"\",\"content\":\"\",\"position_x\":\"81\",\"position_y\":\"95\",\"title\":\"Volant frontale avvolgibile\"}}],\"name\":\"prodotto \\\\ pergole \\\\ inclinate \\\\ popover \\\\ 4\"},{\"type\":\"text\",\"props\":{\"margin\":\"default\",\"column_breakpoint\":\"m\",\"text_style\":\"\",\"text_color\":\"\",\"text_size\":\"\",\"column\":\"\",\"position\":\"\",\"position_z_index\":\"\",\"maxwidth\":\"\",\"maxwidth_breakpoint\":\"\",\"block_align\":\"\",\"block_align_breakpoint\":\"\",\"block_align_fallback\":\"\",\"text_align\":\"justify\",\"text_align_breakpoint\":\"\",\"text_align_fallback\":\"\",\"animation\":\"\",\"visibility\":\"\",\"content\":\"\n\n<div class=\\\"field-wrapper field field-node--field-product-ts-description field-name-field-product-ts-description field-type-text-long field-label-hidden\\\">\\n\n\n<div class=\\\"field-items\\\">\\n\n\n<div class=\\\"field-item\\\">\\n\n\n<p>TXT \\u00e8 la tenda a bracci in cassonetto dal design tagliente, caratterizzato dalla particolare texture a elementi paralleli in grado di decorare lo spazio tridimensionale e allo stesso tempo mimetizzare gli elementi tecnici a vista.<\\\/p>\\n\n\n<p>Vero e proprio elemento architettonico, TXT \\u00e8 la tenda a bracci pensata per definire e valorizzare le superfici verticali esterne di un edificio. Con le sue dimensioni imponenti e il look insolito, \\u00e8 la soluzione perfetta per le architetture moderne e all\\u2019avanguardia.<\\\/p>\\n\n\n<p>I nuovi bracci Edge 75 consentono un\\u2019inclinazione variabile da -10 a -45 gradi, raggiungono sporgenze importanti e permettono di portare l\\u2019illuminazione a led anche nel frontale della tenda, oltre che lungo la parte inferiore del cassonetto. L\\u2019attacco \\u00e8 a parete e la movimentazione \\u00e8 a motore. In TXT \\u00e8 disponibile anche un Volant avvolgibile frontale, perfetto per ombreggiare dal sole nelle ore pomeridiane e serali.<\\\/p>\\n<\\\/div>\\n<\\\/div>\\n<\\\/div>\",\"dropcap\":false}},{\"type\":\"button\",\"props\":{\"grid_column_gap\":\"small\",\"grid_row_gap\":\"small\",\"margin\":\"large\",\"button_size\":\"\",\"position\":\"\",\"position_z_index\":\"\",\"maxwidth\":\"\",\"maxwidth_breakpoint\":\"\",\"block_align\":\"\",\"block_align_breakpoint\":\"\",\"block_align_fallback\":\"\",\"text_align\":\"\",\"text_align_breakpoint\":\"\",\"text_align_fallback\":\"\",\"animation\":\"\",\"visibility\":\"\",\"margin_remove_bottom\":true},\"children\":[{\"type\":\"button_item\",\"props\":{\"button_style\":\"default\",\"icon_align\":\"left\",\"link_target\":\"blank\",\"content\":\"Brochure informativa\",\"link\":\"https:\\\/\\\/www.gibus.com\\\/it\\\/node\\\/112133\\\/download\\\/catalogue\\\/txt\",\"icon\":\"\"}}]}]},{\"type\":\"column\",\"props\":{\"image_position\":\"center-center\",\"media_overlay_gradient\":\"\",\"vertical_align\":\"\",\"style\":\"\",\"text_color\":\"\",\"padding\":\"\"},\"children\":[{\"type\":\"headline\",\"props\":{\"title_element\":\"h1\",\"title_style\":\"h2\",\"title_decoration\":\"\",\"title_font_family\":\"\",\"title_color\":\"\",\"position\":\"\",\"position_z_index\":\"\",\"margin\":\"\",\"maxwidth\":\"\",\"maxwidth_breakpoint\":\"\",\"block_align\":\"\",\"block_align_breakpoint\":\"\",\"block_align_fallback\":\"\",\"text_align\":\"\",\"text_align_breakpoint\":\"\",\"text_align_fallback\":\"\",\"animation\":\"\",\"visibility\":\"\",\"content\":\"Richiedi informazioni\"}},{\"type\":\"html\",\"props\":{\"content\":\"[contact-form-7 id=\\\"169\\\" title=\\\"contatto generico\\\" your-subject=\\\"Med Varia\\\"]\",\"class\":\"\"}}]}]}],\"name\":\"layout \\\\ prodotto \\\\ rev2\"}],\"version\":\"1.22.8\",\"type\":\"layout\",\"props\":[]} --><\/p>\n","protected":false},"excerpt":{"rendered":"<p>TXT Tenda a bracci con cassonetto dal design unico, con led e volant frontale txt-00 txt-01 txt-02 Design innovativo illuminazione Led integrata Volant frontale avvolgibile TXT \u00e8 la tenda a bracci in cassonetto dal design tagliente, caratterizzato dalla particolare texture a elementi paralleli in grado di decorare lo spazio tridimensionale e allo stesso tempo mimetizzare [&hellip;]<\/p>\n","protected":false},"author":1,"featured_media":0,"parent":728,"menu_order":0,"comment_status":"closed","ping_status":"closed","template":"","meta":{"footnotes":""},"class_list":["post-736","page","type-page","status-publish","hentry"],"_links":{"self":[{"href":"https:\/\/www.timbro-express.it\/tendamica\/wp-json\/wp\/v2\/pages\/736","targetHints":{"allow":["GET"]}}],"collection":[{"href":"https:\/\/www.timbro-express.it\/tendamica\/wp-json\/wp\/v2\/pages"}],"about":[{"href":"https:\/\/www.timbro-express.it\/tendamica\/wp-json\/wp\/v2\/types\/page"}],"author":[{"embeddable":true,"href":"https:\/\/www.timbro-express.it\/tendamica\/wp-json\/wp\/v2\/users\/1"}],"replies":[{"embeddable":true,"href":"https:\/\/www.timbro-express.it\/tendamica\/wp-json\/wp\/v2\/comments?post=736"}],"version-history":[{"count":14,"href":"https:\/\/www.timbro-express.it\/tendamica\/wp-json\/wp\/v2\/pages\/736\/revisions"}],"predecessor-version":[{"id":852,"href":"https:\/\/www.timbro-express.it\/tendamica\/wp-json\/wp\/v2\/pages\/736\/revisions\/852"}],"up":[{"embeddable":true,"href":"https:\/\/www.timbro-express.it\/tendamica\/wp-json\/wp\/v2\/pages\/728"}],"wp:attachment":[{"href":"https:\/\/www.timbro-express.it\/tendamica\/wp-json\/wp\/v2\/media?parent=736"}],"curies":[{"name":"wp","href":"https:\/\/api.w.org\/{rel}","templated":true}]}}