{"id":419,"date":"2020-03-07T15:55:02","date_gmt":"2020-03-07T14:55:02","guid":{"rendered":"https:\/\/www.timbro-express.it\/tendamica\/?page_id=419"},"modified":"2020-03-07T17:59:05","modified_gmt":"2020-03-07T16:59:05","slug":"coperture","status":"publish","type":"page","link":"https:\/\/www.timbro-express.it\/tendamica\/prodotti\/pergole\/coperture\/","title":{"rendered":"Coperture"},"content":{"rendered":"<div>Coperture<\/div>\n<div>\n<p>Magari avete gi\u00e0 una pergola, un pergolato, una semplice struttura. Con le coperture per pergole Gibus diventano uno spazio riparato, da vivere anche quando il sole picchia o la pioggia batte.<\/p>\n<p>Le coperture per pergolati sono <strong>tende a falde in tessuto impacchettabili<\/strong>, sostenute da profili frangitratta. Grazie alle guide laterali, possono essere aperte e chiuse, cos\u00ec lo spazio \u00e8 ancora pi\u00f9 riparato e protetto.<\/p>\n<p>Tra tante coperture per pergole, ognuno pu\u00f2 trovare il suo modello: <strong>dal pi\u00f9 semplice al pi\u00f9 sofisticato<\/strong>. Ma tutti funzionali.<\/p>\n<\/div>\n<div>\n<p>        <a href=\"prodotti\/pergole\/coperture\/med-100\/\"><img decoding=\"async\" src=\"wp-content\/uploads\/Med_100_thumb.jpg\" alt=\"\"><\/a><\/p>\n<p>        <img decoding=\"async\" src=\"wp-content\/uploads\/Med_100_thumb_hover.jpg\" alt=\"\"><\/p>\n<\/div>\n<div>\n<h3>Med 100<\/h3>\n<p><a href=\"prodotti\/pergole\/coperture\/med-100\/\">Read more<\/a><\/p>\n<\/div>\n<p><!-- {\"children\":[{\"type\":\"section\",\"props\":{\"style\":\"default\",\"width\":\"default\",\"vertical_align\":\"middle\",\"title_position\":\"top-left\",\"title_rotation\":\"left\",\"title_breakpoint\":\"xl\",\"image_position\":\"center-center\",\"text_color\":\"\",\"width_expand\":\"\",\"height\":\"\",\"padding\":\"xsmall\",\"header_transparent\":\"\",\"animation\":\"\",\"padding_remove_top\":false},\"children\":[{\"type\":\"row\",\"props\":{\"layout\":\"1-1\",\"breakpoint\":\"m\",\"fixed_width\":\"large\",\"column_gap\":\"\",\"row_gap\":\"\",\"width\":\"\",\"width_expand\":\"\",\"height\":\"\",\"margin\":\"\"},\"children\":[{\"type\":\"column\",\"props\":{\"image_position\":\"center-center\",\"media_overlay_gradient\":\"\",\"vertical_align\":\"\",\"style\":\"\",\"text_color\":\"\",\"padding\":\"\"},\"children\":[{\"type\":\"wordpress_widget\",\"props\":{\"widget\":\"breadcrumbs-6\",\"style\":\"\",\"title_style\":\"\",\"title_decoration\":\"\",\"title_font_family\":\"\",\"title_color\":\"\",\"list_style\":\"\",\"link_style\":\"\",\"menu_style\":\"nav\",\"position\":\"\",\"position_z_index\":\"\",\"margin\":\"remove-vertical\",\"maxwidth\":\"\",\"maxwidth_breakpoint\":\"\",\"block_align\":\"\",\"block_align_breakpoint\":\"\",\"block_align_fallback\":\"\",\"text_align\":\"\",\"text_align_breakpoint\":\"\",\"text_align_fallback\":\"\",\"animation\":\"\",\"visibility\":\"\",\"type\":\"breadcrumbs\",\"class\":\"uk-visible\"},\"name\":\"myBreadcrumb\"},{\"type\":\"headline\",\"props\":{\"title_element\":\"div\",\"title_style\":\"heading-medium\",\"title_decoration\":\"\",\"title_font_family\":\"\",\"title_color\":\"muted\",\"position\":\"\",\"position_z_index\":\"\",\"margin\":\"\",\"maxwidth\":\"\",\"maxwidth_breakpoint\":\"\",\"block_align\":\"\",\"block_align_breakpoint\":\"\",\"block_align_fallback\":\"\",\"text_align\":\"center\",\"text_align_breakpoint\":\"\",\"text_align_fallback\":\"\",\"animation\":\"\",\"visibility\":\"\",\"content\":\"Coperture\",\"class\":\"uk-text-capitalize uk-text-lighter\"},\"name\":\"pagina titolo\"},{\"type\":\"text\",\"props\":{\"margin\":\"large\",\"column_breakpoint\":\"m\",\"text_style\":\"\",\"text_color\":\"\",\"text_size\":\"\",\"column\":\"1-2\",\"position\":\"\",\"position_z_index\":\"\",\"maxwidth\":\"\",\"maxwidth_breakpoint\":\"\",\"block_align\":\"\",\"block_align_breakpoint\":\"\",\"block_align_fallback\":\"\",\"text_align\":\"\",\"text_align_breakpoint\":\"\",\"text_align_fallback\":\"\",\"animation\":\"\",\"visibility\":\"\",\"content\":\"\n\n<p>Magari avete gi\\u00e0 una pergola, un pergolato, una semplice struttura. Con le coperture per pergole Gibus diventano uno spazio riparato, da vivere anche quando il sole picchia o la pioggia batte.<\\\/p>\\n\n\n<p>Le coperture per pergolati sono <strong>tende a falde in tessuto impacchettabili<\\\/strong>, sostenute da profili frangitratta. Grazie alle guide laterali, possono essere aperte e chiuse, cos\\u00ec lo spazio \\u00e8 ancora pi\\u00f9 riparato e protetto.<\\\/p>\\n\n\n<p>Tra tante coperture per pergole, ognuno pu\\u00f2 trovare il suo modello: <strong>dal pi\\u00f9 semplice al pi\\u00f9 sofisticato<\\\/strong>. Ma tutti funzionali.<\\\/p>\",\"column_divider\":true}}]}]},{\"type\":\"row\",\"props\":{\"layout\":\"1-1\",\"breakpoint\":\"m\",\"fixed_width\":\"large\",\"column_gap\":\"\",\"row_gap\":\"\",\"width\":\"\",\"width_expand\":\"\",\"height\":\"\",\"margin\":\"\"},\"children\":[{\"type\":\"column\",\"props\":{\"image_position\":\"center-center\",\"media_overlay_gradient\":\"\",\"vertical_align\":\"\",\"style\":\"\",\"text_color\":\"\",\"padding\":\"\"},\"children\":[{\"type\":\"overlay\",\"props\":{\"link_text\":\"Read more\",\"overlay_mode\":\"cover\",\"overlay_hover\":true,\"overlay_style\":\"\",\"text_color\":\"light\",\"overlay_position\":\"center\",\"overlay_transition\":\"fade\",\"title_element\":\"h3\",\"meta_style\":\"meta\",\"meta_align\":\"below-title\",\"link_style\":\"default\",\"text_align\":\"center\",\"margin\":\"default\",\"overlay_padding\":\"\",\"overlay_margin\":\"\",\"overlay_maxwidth\":\"\",\"image_transition\":\"\",\"image_box_shadow\":\"\",\"image_hover_box_shadow\":\"\",\"image_box_decoration\":\"\",\"title_transition\":\"\",\"title_style\":\"\",\"title_decoration\":\"\",\"title_font_family\":\"\",\"title_color\":\"\",\"title_margin\":\"\",\"meta_transition\":\"\",\"meta_color\":\"\",\"meta_margin\":\"\",\"content_transition\":\"\",\"content_style\":\"\",\"content_margin\":\"\",\"link_type\":\"element\",\"link_transition\":\"\",\"link_size\":\"\",\"link_margin\":\"\",\"position\":\"\",\"position_z_index\":\"\",\"maxwidth\":\"\",\"maxwidth_breakpoint\":\"\",\"block_align\":\"\",\"block_align_breakpoint\":\"\",\"block_align_fallback\":\"\",\"text_align_breakpoint\":\"\",\"text_align_fallback\":\"\",\"animation\":\"\",\"visibility\":\"\",\"title\":\"\",\"meta\":\"\",\"overlay_transition_background\":false,\"link\":\"prodotti\\\/pergole\\\/coperture\\\/med-100\\\/\",\"image\":\"wp-content\\\/uploads\\\/Med_100_thumb.jpg\",\"hover_image\":\"wp-content\\\/uploads\\\/Med_100_thumb_hover.jpg\"}},{\"type\":\"panel\",\"props\":{\"link_text\":\"Read more\",\"title_hover_style\":\"reset\",\"title_element\":\"h3\",\"title_align\":\"top\",\"title_grid_width\":\"1-2\",\"title_grid_breakpoint\":\"m\",\"meta_style\":\"\",\"meta_align\":\"below-title\",\"icon_ratio\":4,\"image_align\":\"top\",\"image_grid_width\":\"1-2\",\"image_grid_breakpoint\":\"m\",\"image_svg_color\":\"emphasis\",\"link_style\":\"default\",\"margin\":\"default\",\"panel_style\":\"\",\"panel_content_padding\":\"\",\"panel_size\":\"\",\"title_style\":\"h3\",\"title_decoration\":\"\",\"title_font_family\":\"\",\"title_color\":\"\",\"title_grid_column_gap\":\"\",\"title_grid_row_gap\":\"\",\"title_margin\":\"\",\"meta_color\":\"\",\"meta_margin\":\"small\",\"content_style\":\"\",\"content_margin\":\"\",\"image_transition\":\"\",\"image_border\":\"\",\"image_box_shadow\":\"\",\"image_hover_box_shadow\":\"\",\"image_box_decoration\":\"\",\"icon_color\":\"\",\"image_grid_column_gap\":\"\",\"image_grid_row_gap\":\"\",\"image_margin\":\"\",\"link_type\":\"content\",\"link_size\":\"\",\"link_margin\":\"\",\"position\":\"\",\"position_z_index\":\"\",\"maxwidth\":\"\",\"maxwidth_breakpoint\":\"\",\"block_align\":\"\",\"block_align_breakpoint\":\"\",\"block_align_fallback\":\"\",\"text_align\":\"center\",\"text_align_breakpoint\":\"\",\"text_align_fallback\":\"\",\"animation\":\"\",\"visibility\":\"\",\"title\":\"Med 100\",\"meta\":\"\",\"image\":\"\",\"css\":\".el-title{text-transform: uppercase}\",\"link\":\"prodotti\\\/pergole\\\/coperture\\\/med-100\\\/\"}}]}]}],\"name\":\"categoria 2\"}],\"version\":\"1.22.8\",\"type\":\"layout\",\"props\":[]} --><\/p>\n","protected":false},"excerpt":{"rendered":"<p>Coperture Magari avete gi\u00e0 una pergola, un pergolato, una semplice struttura. Con le coperture per pergole Gibus diventano uno spazio riparato, da vivere anche quando il sole picchia o la pioggia batte. Le coperture per pergolati sono tende a falde in tessuto impacchettabili, sostenute da profili frangitratta. Grazie alle guide laterali, possono essere aperte e [&hellip;]<\/p>\n","protected":false},"author":1,"featured_media":0,"parent":119,"menu_order":0,"comment_status":"closed","ping_status":"closed","template":"","meta":{"footnotes":""},"class_list":["post-419","page","type-page","status-publish","hentry"],"_links":{"self":[{"href":"https:\/\/www.timbro-express.it\/tendamica\/wp-json\/wp\/v2\/pages\/419","targetHints":{"allow":["GET"]}}],"collection":[{"href":"https:\/\/www.timbro-express.it\/tendamica\/wp-json\/wp\/v2\/pages"}],"about":[{"href":"https:\/\/www.timbro-express.it\/tendamica\/wp-json\/wp\/v2\/types\/page"}],"author":[{"embeddable":true,"href":"https:\/\/www.timbro-express.it\/tendamica\/wp-json\/wp\/v2\/users\/1"}],"replies":[{"embeddable":true,"href":"https:\/\/www.timbro-express.it\/tendamica\/wp-json\/wp\/v2\/comments?post=419"}],"version-history":[{"count":5,"href":"https:\/\/www.timbro-express.it\/tendamica\/wp-json\/wp\/v2\/pages\/419\/revisions"}],"predecessor-version":[{"id":541,"href":"https:\/\/www.timbro-express.it\/tendamica\/wp-json\/wp\/v2\/pages\/419\/revisions\/541"}],"up":[{"embeddable":true,"href":"https:\/\/www.timbro-express.it\/tendamica\/wp-json\/wp\/v2\/pages\/119"}],"wp:attachment":[{"href":"https:\/\/www.timbro-express.it\/tendamica\/wp-json\/wp\/v2\/media?parent=419"}],"curies":[{"name":"wp","href":"https:\/\/api.w.org\/{rel}","templated":true}]}}