{"id":415,"date":"2020-03-07T15:54:21","date_gmt":"2020-03-07T14:54:21","guid":{"rendered":"https:\/\/www.timbro-express.it\/tendamica\/?page_id=415"},"modified":"2020-03-12T12:54:38","modified_gmt":"2020-03-12T11:54:38","slug":"pergole-90","status":"publish","type":"page","link":"https:\/\/www.timbro-express.it\/tendamica\/prodotti\/pergole\/pergole-90\/","title":{"rendered":"Pergole 90\u00b0"},"content":{"rendered":"<div>Pergole 90\u00b0<\/div>\n<div>\n<p>La camera con vista da collocare nel punto pi\u00f9 panoramico, pi\u00f9 comodo, pi\u00f9 bello. Guardatevi intorno.<\/p>\n<\/div>\n<div>\n<p>        <a href=\"prodotti\/pergole\/pergole-90\/med-zenit\/\"><img decoding=\"async\" src=\"wp-content\/uploads\/med_zenit_thumb.jpg\" alt=\"\"><\/a><\/p>\n<p>        <img decoding=\"async\" src=\"wp-content\/uploads\/med_zenit_thumb_hover.jpg\" alt=\"\"><\/p>\n<\/div>\n<div>\n<h3>Med Zenit<\/h3>\n<p>Pergola impacchettabile con tetto piatto, modulare e accessoriabile<\/p>\n<p><a href=\"prodotti\/pergole\/pergole-90\/med-zenit\/\">Read more<\/a><\/p>\n<\/div>\n<div>\n<p>        <a href=\"prodotti\/pergole\/pergole-90\/med-azimut\/\"><img decoding=\"async\" src=\"wp-content\/uploads\/Med_Azimut_thumb.jpg\" alt=\"\"><\/a><\/p>\n<p>        <img decoding=\"async\" src=\"wp-content\/uploads\/Med_Azimut_thumb_hover.jpg\" alt=\"\"><\/p>\n<\/div>\n<div>\n<h3>Med Azimut<\/h3>\n<p>Pergola impacchettabile con tetto piatto e chiusure laterali integrate<\/p>\n<p><a href=\"prodotti\/pergole\/pergole-90\/med-azimut\/\">Read more<\/a><\/p>\n<\/div>\n<div>\n<p>        <a href=\"prodotti\/pergole\/pergole-90\/med-open-fly\/\"><img decoding=\"async\" src=\"wp-content\/uploads\/MedOpenFly_thumb.jpg\" alt=\"\"><\/a><\/p>\n<p>        <img decoding=\"async\" src=\"wp-content\/uploads\/MedOpenFly_thumb_hover.jpg\" alt=\"\"><\/p>\n<\/div>\n<div>\n<h3>Med Open Fly<\/h3>\n<p>Il telo FLY incontra il design della pergola con lo spigolo vivo tra gamba e guida<\/p>\n<p><a href=\"prodotti\/pergole\/pergole-90\/med-open-fly\/\">Read more<\/a><\/p>\n<\/div>\n<div>\n<p>        <a href=\"prodotti\/pergole\/pergole-90\/med-isola-fly\/\"><img decoding=\"async\" src=\"wp-content\/uploads\/MedIsolaFly_thumb.jpg\" alt=\"\"><\/a><\/p>\n<p>        <img decoding=\"async\" src=\"wp-content\/uploads\/MedIsolaFly_thumb_hover.jpg\" alt=\"\"><\/p>\n<\/div>\n<div>\n<h3>Med Isola Fly<\/h3>\n<p>Pergola impacchettabile con l\u2019iconico telo FLY<\/p>\n<p><a href=\"prodotti\/pergole\/pergole-90\/med-isola-fly\/\">Read more<\/a><\/p>\n<\/div>\n<p><!-- {\"children\":[{\"type\":\"section\",\"props\":{\"style\":\"default\",\"width\":\"default\",\"vertical_align\":\"middle\",\"title_position\":\"top-left\",\"title_rotation\":\"left\",\"title_breakpoint\":\"xl\",\"image_position\":\"center-center\",\"text_color\":\"\",\"width_expand\":\"\",\"height\":\"\",\"padding\":\"xsmall\",\"header_transparent\":\"\",\"animation\":\"\",\"padding_remove_top\":false},\"children\":[{\"type\":\"row\",\"props\":{\"layout\":\"1-1\",\"breakpoint\":\"m\",\"fixed_width\":\"large\",\"column_gap\":\"\",\"row_gap\":\"\",\"width\":\"\",\"width_expand\":\"\",\"height\":\"\",\"margin\":\"\"},\"children\":[{\"type\":\"column\",\"props\":{\"image_position\":\"center-center\",\"media_overlay_gradient\":\"\",\"vertical_align\":\"\",\"style\":\"\",\"text_color\":\"\",\"padding\":\"\"},\"children\":[{\"type\":\"wordpress_widget\",\"props\":{\"widget\":\"breadcrumbs-6\",\"style\":\"\",\"title_style\":\"\",\"title_decoration\":\"\",\"title_font_family\":\"\",\"title_color\":\"\",\"list_style\":\"\",\"link_style\":\"\",\"menu_style\":\"nav\",\"position\":\"\",\"position_z_index\":\"\",\"margin\":\"remove-vertical\",\"maxwidth\":\"\",\"maxwidth_breakpoint\":\"\",\"block_align\":\"\",\"block_align_breakpoint\":\"\",\"block_align_fallback\":\"\",\"text_align\":\"\",\"text_align_breakpoint\":\"\",\"text_align_fallback\":\"\",\"animation\":\"\",\"visibility\":\"\",\"type\":\"breadcrumbs\",\"class\":\"uk-visible\"},\"name\":\"myBreadcrumb\"},{\"type\":\"headline\",\"props\":{\"title_element\":\"div\",\"title_style\":\"heading-medium\",\"title_decoration\":\"\",\"title_font_family\":\"\",\"title_color\":\"muted\",\"position\":\"\",\"position_z_index\":\"\",\"margin\":\"\",\"maxwidth\":\"\",\"maxwidth_breakpoint\":\"\",\"block_align\":\"\",\"block_align_breakpoint\":\"\",\"block_align_fallback\":\"\",\"text_align\":\"center\",\"text_align_breakpoint\":\"\",\"text_align_fallback\":\"\",\"animation\":\"\",\"visibility\":\"\",\"content\":\"Pergole 90\\u00b0\",\"class\":\"uk-text-capitalize uk-text-lighter\"},\"name\":\"pagina titolo\"},{\"type\":\"text\",\"props\":{\"margin\":\"large\",\"column_breakpoint\":\"m\",\"text_style\":\"lead\",\"text_color\":\"\",\"text_size\":\"\",\"column\":\"\",\"position\":\"\",\"position_z_index\":\"\",\"maxwidth\":\"\",\"maxwidth_breakpoint\":\"\",\"block_align\":\"\",\"block_align_breakpoint\":\"\",\"block_align_fallback\":\"\",\"text_align\":\"center\",\"text_align_breakpoint\":\"\",\"text_align_fallback\":\"\",\"animation\":\"\",\"visibility\":\"\",\"content\":\"\n\n<p>La camera con vista da collocare nel punto pi\\u00f9 panoramico, pi\\u00f9 comodo, pi\\u00f9 bello. Guardatevi intorno.<\\\/p>\",\"column_divider\":false}}]}]},{\"type\":\"row\",\"props\":{\"layout\":\",\",\"breakpoint\":\"s\",\"fixed_width\":\"large\",\"column_gap\":\"\",\"row_gap\":\"\",\"width\":\"\",\"width_expand\":\"\",\"height\":\"\",\"margin\":\"\"},\"children\":[{\"type\":\"column\",\"props\":{\"image_position\":\"center-center\",\"media_overlay_gradient\":\"\",\"vertical_align\":\"\",\"style\":\"\",\"text_color\":\"\",\"padding\":\"\"},\"children\":[{\"type\":\"overlay\",\"props\":{\"link_text\":\"Read more\",\"overlay_mode\":\"cover\",\"overlay_hover\":true,\"overlay_style\":\"\",\"text_color\":\"light\",\"overlay_position\":\"center\",\"overlay_transition\":\"fade\",\"title_element\":\"h3\",\"meta_style\":\"meta\",\"meta_align\":\"below-title\",\"link_style\":\"default\",\"text_align\":\"center\",\"margin\":\"default\",\"overlay_padding\":\"\",\"overlay_margin\":\"\",\"overlay_maxwidth\":\"\",\"image_transition\":\"\",\"image_box_shadow\":\"\",\"image_hover_box_shadow\":\"\",\"image_box_decoration\":\"\",\"title_transition\":\"\",\"title_style\":\"\",\"title_decoration\":\"\",\"title_font_family\":\"\",\"title_color\":\"\",\"title_margin\":\"\",\"meta_transition\":\"\",\"meta_color\":\"\",\"meta_margin\":\"\",\"content_transition\":\"\",\"content_style\":\"\",\"content_margin\":\"\",\"link_type\":\"element\",\"link_transition\":\"\",\"link_size\":\"\",\"link_margin\":\"\",\"position\":\"\",\"position_z_index\":\"\",\"maxwidth\":\"\",\"maxwidth_breakpoint\":\"\",\"block_align\":\"\",\"block_align_breakpoint\":\"\",\"block_align_fallback\":\"\",\"text_align_breakpoint\":\"\",\"text_align_fallback\":\"\",\"animation\":\"\",\"visibility\":\"\",\"image\":\"wp-content\\\/uploads\\\/med_zenit_thumb.jpg\",\"hover_image\":\"wp-content\\\/uploads\\\/med_zenit_thumb_hover.jpg\",\"title\":\"\",\"meta\":\"\",\"overlay_transition_background\":false,\"link\":\"prodotti\\\/pergole\\\/pergole-90\\\/med-zenit\\\/\"}},{\"type\":\"panel\",\"props\":{\"link_text\":\"Read more\",\"title_hover_style\":\"reset\",\"title_element\":\"h3\",\"title_align\":\"top\",\"title_grid_width\":\"1-2\",\"title_grid_breakpoint\":\"m\",\"meta_style\":\"\",\"meta_align\":\"below-title\",\"icon_ratio\":4,\"image_align\":\"top\",\"image_grid_width\":\"1-2\",\"image_grid_breakpoint\":\"m\",\"image_svg_color\":\"emphasis\",\"link_style\":\"default\",\"margin\":\"default\",\"panel_style\":\"\",\"panel_content_padding\":\"\",\"panel_size\":\"\",\"title_style\":\"h3\",\"title_decoration\":\"\",\"title_font_family\":\"\",\"title_color\":\"\",\"title_grid_column_gap\":\"\",\"title_grid_row_gap\":\"\",\"title_margin\":\"\",\"meta_color\":\"\",\"meta_margin\":\"remove\",\"content_style\":\"\",\"content_margin\":\"\",\"image_transition\":\"\",\"image_border\":\"\",\"image_box_shadow\":\"\",\"image_hover_box_shadow\":\"\",\"image_box_decoration\":\"\",\"icon_color\":\"\",\"image_grid_column_gap\":\"\",\"image_grid_row_gap\":\"\",\"image_margin\":\"\",\"link_type\":\"content\",\"link_size\":\"\",\"link_margin\":\"\",\"position\":\"\",\"position_z_index\":\"\",\"maxwidth\":\"\",\"maxwidth_breakpoint\":\"\",\"block_align\":\"\",\"block_align_breakpoint\":\"\",\"block_align_fallback\":\"\",\"text_align\":\"center\",\"text_align_breakpoint\":\"\",\"text_align_fallback\":\"\",\"animation\":\"\",\"visibility\":\"\",\"title\":\"Med Zenit\",\"meta\":\"Pergola impacchettabile con tetto piatto, modulare e accessoriabile\",\"image\":\"\",\"css\":\".el-title{text-transform: uppercase}\",\"link\":\"prodotti\\\/pergole\\\/pergole-90\\\/med-zenit\\\/\"}}]},{\"type\":\"column\",\"props\":{\"image_position\":\"center-center\",\"media_overlay_gradient\":\"\",\"vertical_align\":\"\",\"style\":\"\",\"text_color\":\"\",\"padding\":\"\"},\"children\":[{\"type\":\"overlay\",\"props\":{\"link_text\":\"Read more\",\"overlay_mode\":\"cover\",\"overlay_hover\":true,\"overlay_style\":\"\",\"text_color\":\"light\",\"overlay_position\":\"center\",\"overlay_transition\":\"fade\",\"title_element\":\"h3\",\"meta_style\":\"meta\",\"meta_align\":\"below-title\",\"link_style\":\"default\",\"text_align\":\"center\",\"margin\":\"default\",\"overlay_padding\":\"\",\"overlay_margin\":\"\",\"overlay_maxwidth\":\"\",\"image_transition\":\"\",\"image_box_shadow\":\"\",\"image_hover_box_shadow\":\"\",\"image_box_decoration\":\"\",\"title_transition\":\"\",\"title_style\":\"\",\"title_decoration\":\"\",\"title_font_family\":\"\",\"title_color\":\"\",\"title_margin\":\"\",\"meta_transition\":\"\",\"meta_color\":\"\",\"meta_margin\":\"\",\"content_transition\":\"\",\"content_style\":\"\",\"content_margin\":\"\",\"link_type\":\"element\",\"link_transition\":\"\",\"link_size\":\"\",\"link_margin\":\"\",\"position\":\"\",\"position_z_index\":\"\",\"maxwidth\":\"\",\"maxwidth_breakpoint\":\"\",\"block_align\":\"\",\"block_align_breakpoint\":\"\",\"block_align_fallback\":\"\",\"text_align_breakpoint\":\"\",\"text_align_fallback\":\"\",\"animation\":\"\",\"visibility\":\"\",\"image\":\"wp-content\\\/uploads\\\/Med_Azimut_thumb.jpg\",\"hover_image\":\"wp-content\\\/uploads\\\/Med_Azimut_thumb_hover.jpg\",\"title\":\"\",\"meta\":\"\",\"overlay_transition_background\":false,\"link\":\"prodotti\\\/pergole\\\/pergole-90\\\/med-azimut\\\/\"}},{\"type\":\"panel\",\"props\":{\"link_text\":\"Read more\",\"title_hover_style\":\"reset\",\"title_element\":\"h3\",\"title_align\":\"top\",\"title_grid_width\":\"1-2\",\"title_grid_breakpoint\":\"m\",\"meta_style\":\"\",\"meta_align\":\"below-title\",\"icon_ratio\":4,\"image_align\":\"top\",\"image_grid_width\":\"1-2\",\"image_grid_breakpoint\":\"m\",\"image_svg_color\":\"emphasis\",\"link_style\":\"default\",\"margin\":\"default\",\"panel_style\":\"\",\"panel_content_padding\":\"\",\"panel_size\":\"\",\"title_style\":\"h3\",\"title_decoration\":\"\",\"title_font_family\":\"\",\"title_color\":\"\",\"title_grid_column_gap\":\"\",\"title_grid_row_gap\":\"\",\"title_margin\":\"remove\",\"meta_color\":\"\",\"meta_margin\":\"remove\",\"content_style\":\"\",\"content_margin\":\"\",\"image_transition\":\"\",\"image_border\":\"\",\"image_box_shadow\":\"\",\"image_hover_box_shadow\":\"\",\"image_box_decoration\":\"\",\"icon_color\":\"\",\"image_grid_column_gap\":\"\",\"image_grid_row_gap\":\"\",\"image_margin\":\"\",\"link_type\":\"content\",\"link_size\":\"\",\"link_margin\":\"\",\"position\":\"\",\"position_z_index\":\"\",\"maxwidth\":\"\",\"maxwidth_breakpoint\":\"\",\"block_align\":\"\",\"block_align_breakpoint\":\"\",\"block_align_fallback\":\"\",\"text_align\":\"center\",\"text_align_breakpoint\":\"\",\"text_align_fallback\":\"\",\"animation\":\"\",\"visibility\":\"\",\"title\":\"Med Azimut\",\"meta\":\"Pergola impacchettabile con tetto piatto e chiusure laterali integrate\",\"image\":\"\",\"css\":\".el-title{text-transform: uppercase}\",\"link\":\"prodotti\\\/pergole\\\/pergole-90\\\/med-azimut\\\/\"}}]}]},{\"type\":\"row\",\"props\":{\"layout\":\",\",\"breakpoint\":\"s\",\"fixed_width\":\"large\",\"column_gap\":\"\",\"row_gap\":\"\",\"width\":\"\",\"width_expand\":\"\",\"height\":\"\",\"margin\":\"\"},\"children\":[{\"type\":\"column\",\"props\":{\"image_position\":\"center-center\",\"media_overlay_gradient\":\"\",\"vertical_align\":\"\",\"style\":\"\",\"text_color\":\"\",\"padding\":\"\"},\"children\":[{\"type\":\"overlay\",\"props\":{\"link_text\":\"Read more\",\"overlay_mode\":\"cover\",\"overlay_hover\":true,\"overlay_style\":\"\",\"text_color\":\"light\",\"overlay_position\":\"center\",\"overlay_transition\":\"fade\",\"title_element\":\"h3\",\"meta_style\":\"meta\",\"meta_align\":\"below-title\",\"link_style\":\"default\",\"text_align\":\"center\",\"margin\":\"default\",\"overlay_padding\":\"\",\"overlay_margin\":\"\",\"overlay_maxwidth\":\"\",\"image_transition\":\"\",\"image_box_shadow\":\"\",\"image_hover_box_shadow\":\"\",\"image_box_decoration\":\"\",\"title_transition\":\"\",\"title_style\":\"\",\"title_decoration\":\"\",\"title_font_family\":\"\",\"title_color\":\"\",\"title_margin\":\"\",\"meta_transition\":\"\",\"meta_color\":\"\",\"meta_margin\":\"\",\"content_transition\":\"\",\"content_style\":\"\",\"content_margin\":\"\",\"link_type\":\"element\",\"link_transition\":\"\",\"link_size\":\"\",\"link_margin\":\"\",\"position\":\"\",\"position_z_index\":\"\",\"maxwidth\":\"\",\"maxwidth_breakpoint\":\"\",\"block_align\":\"\",\"block_align_breakpoint\":\"\",\"block_align_fallback\":\"\",\"text_align_breakpoint\":\"\",\"text_align_fallback\":\"\",\"animation\":\"\",\"visibility\":\"\",\"image\":\"wp-content\\\/uploads\\\/MedOpenFly_thumb.jpg\",\"hover_image\":\"wp-content\\\/uploads\\\/MedOpenFly_thumb_hover.jpg\",\"title\":\"\",\"meta\":\"\",\"overlay_transition_background\":false,\"link\":\"prodotti\\\/pergole\\\/pergole-90\\\/med-open-fly\\\/\"}},{\"type\":\"panel\",\"props\":{\"link_text\":\"Read more\",\"title_hover_style\":\"reset\",\"title_element\":\"h3\",\"title_align\":\"top\",\"title_grid_width\":\"1-2\",\"title_grid_breakpoint\":\"m\",\"meta_style\":\"\",\"meta_align\":\"below-title\",\"icon_ratio\":4,\"image_align\":\"top\",\"image_grid_width\":\"1-2\",\"image_grid_breakpoint\":\"m\",\"image_svg_color\":\"emphasis\",\"link_style\":\"default\",\"margin\":\"default\",\"panel_style\":\"\",\"panel_content_padding\":\"\",\"panel_size\":\"\",\"title_style\":\"h3\",\"title_decoration\":\"\",\"title_font_family\":\"\",\"title_color\":\"\",\"title_grid_column_gap\":\"\",\"title_grid_row_gap\":\"\",\"title_margin\":\"\",\"meta_color\":\"\",\"meta_margin\":\"remove\",\"content_style\":\"\",\"content_margin\":\"\",\"image_transition\":\"\",\"image_border\":\"\",\"image_box_shadow\":\"\",\"image_hover_box_shadow\":\"\",\"image_box_decoration\":\"\",\"icon_color\":\"\",\"image_grid_column_gap\":\"\",\"image_grid_row_gap\":\"\",\"image_margin\":\"\",\"link_type\":\"content\",\"link_size\":\"\",\"link_margin\":\"\",\"position\":\"\",\"position_z_index\":\"\",\"maxwidth\":\"\",\"maxwidth_breakpoint\":\"\",\"block_align\":\"\",\"block_align_breakpoint\":\"\",\"block_align_fallback\":\"\",\"text_align\":\"center\",\"text_align_breakpoint\":\"\",\"text_align_fallback\":\"\",\"animation\":\"\",\"visibility\":\"\",\"title\":\"Med Open Fly\",\"meta\":\"Il telo FLY incontra il design della pergola con lo spigolo vivo tra gamba e guida\",\"image\":\"\",\"css\":\".el-title{text-transform: uppercase}\",\"link\":\"prodotti\\\/pergole\\\/pergole-90\\\/med-open-fly\\\/\"}}]},{\"type\":\"column\",\"props\":{\"image_position\":\"center-center\",\"media_overlay_gradient\":\"\",\"vertical_align\":\"\",\"style\":\"\",\"text_color\":\"\",\"padding\":\"\"},\"children\":[{\"type\":\"overlay\",\"props\":{\"link_text\":\"Read more\",\"overlay_mode\":\"cover\",\"overlay_hover\":true,\"overlay_style\":\"\",\"text_color\":\"light\",\"overlay_position\":\"center\",\"overlay_transition\":\"fade\",\"title_element\":\"h3\",\"meta_style\":\"meta\",\"meta_align\":\"below-title\",\"link_style\":\"default\",\"text_align\":\"center\",\"margin\":\"default\",\"overlay_padding\":\"\",\"overlay_margin\":\"\",\"overlay_maxwidth\":\"\",\"image_transition\":\"\",\"image_box_shadow\":\"\",\"image_hover_box_shadow\":\"\",\"image_box_decoration\":\"\",\"title_transition\":\"\",\"title_style\":\"\",\"title_decoration\":\"\",\"title_font_family\":\"\",\"title_color\":\"\",\"title_margin\":\"\",\"meta_transition\":\"\",\"meta_color\":\"\",\"meta_margin\":\"\",\"content_transition\":\"\",\"content_style\":\"\",\"content_margin\":\"\",\"link_type\":\"element\",\"link_transition\":\"\",\"link_size\":\"\",\"link_margin\":\"\",\"position\":\"\",\"position_z_index\":\"\",\"maxwidth\":\"\",\"maxwidth_breakpoint\":\"\",\"block_align\":\"\",\"block_align_breakpoint\":\"\",\"block_align_fallback\":\"\",\"text_align_breakpoint\":\"\",\"text_align_fallback\":\"\",\"animation\":\"\",\"visibility\":\"\",\"image\":\"wp-content\\\/uploads\\\/MedIsolaFly_thumb.jpg\",\"hover_image\":\"wp-content\\\/uploads\\\/MedIsolaFly_thumb_hover.jpg\",\"title\":\"\",\"meta\":\"\",\"overlay_transition_background\":false,\"link\":\"prodotti\\\/pergole\\\/pergole-90\\\/med-isola-fly\\\/\"}},{\"type\":\"panel\",\"props\":{\"link_text\":\"Read more\",\"title_hover_style\":\"reset\",\"title_element\":\"h3\",\"title_align\":\"top\",\"title_grid_width\":\"1-2\",\"title_grid_breakpoint\":\"m\",\"meta_style\":\"\",\"meta_align\":\"below-title\",\"icon_ratio\":4,\"image_align\":\"top\",\"image_grid_width\":\"1-2\",\"image_grid_breakpoint\":\"m\",\"image_svg_color\":\"emphasis\",\"link_style\":\"default\",\"margin\":\"default\",\"panel_style\":\"\",\"panel_content_padding\":\"\",\"panel_size\":\"\",\"title_style\":\"h3\",\"title_decoration\":\"\",\"title_font_family\":\"\",\"title_color\":\"\",\"title_grid_column_gap\":\"\",\"title_grid_row_gap\":\"\",\"title_margin\":\"\",\"meta_color\":\"\",\"meta_margin\":\"remove\",\"content_style\":\"\",\"content_margin\":\"\",\"image_transition\":\"\",\"image_border\":\"\",\"image_box_shadow\":\"\",\"image_hover_box_shadow\":\"\",\"image_box_decoration\":\"\",\"icon_color\":\"\",\"image_grid_column_gap\":\"\",\"image_grid_row_gap\":\"\",\"image_margin\":\"\",\"link_type\":\"content\",\"link_size\":\"\",\"link_margin\":\"\",\"position\":\"\",\"position_z_index\":\"\",\"maxwidth\":\"\",\"maxwidth_breakpoint\":\"\",\"block_align\":\"\",\"block_align_breakpoint\":\"\",\"block_align_fallback\":\"\",\"text_align\":\"center\",\"text_align_breakpoint\":\"\",\"text_align_fallback\":\"\",\"animation\":\"\",\"visibility\":\"\",\"title\":\"Med Isola Fly\",\"meta\":\"Pergola impacchettabile con l\\u2019iconico telo FLY\",\"image\":\"\",\"css\":\".el-title{text-transform: uppercase}\",\"link\":\"prodotti\\\/pergole\\\/pergole-90\\\/med-isola-fly\\\/\"}}]}]}],\"name\":\"categoria 2\"}],\"version\":\"1.22.8\",\"type\":\"layout\",\"props\":[]} --><\/p>\n","protected":false},"excerpt":{"rendered":"<p>Pergole 90\u00b0 La camera con vista da collocare nel punto pi\u00f9 panoramico, pi\u00f9 comodo, pi\u00f9 bello. Guardatevi intorno. Med Zenit Pergola impacchettabile con tetto piatto, modulare e accessoriabile Read more Med Azimut Pergola impacchettabile con tetto piatto e chiusure laterali integrate Read more Med Open Fly Il telo FLY incontra il design della pergola con [&hellip;]<\/p>\n","protected":false},"author":1,"featured_media":0,"parent":119,"menu_order":0,"comment_status":"closed","ping_status":"closed","template":"","meta":{"footnotes":""},"class_list":["post-415","page","type-page","status-publish","hentry"],"_links":{"self":[{"href":"https:\/\/www.timbro-express.it\/tendamica\/wp-json\/wp\/v2\/pages\/415","targetHints":{"allow":["GET"]}}],"collection":[{"href":"https:\/\/www.timbro-express.it\/tendamica\/wp-json\/wp\/v2\/pages"}],"about":[{"href":"https:\/\/www.timbro-express.it\/tendamica\/wp-json\/wp\/v2\/types\/page"}],"author":[{"embeddable":true,"href":"https:\/\/www.timbro-express.it\/tendamica\/wp-json\/wp\/v2\/users\/1"}],"replies":[{"embeddable":true,"href":"https:\/\/www.timbro-express.it\/tendamica\/wp-json\/wp\/v2\/comments?post=415"}],"version-history":[{"count":13,"href":"https:\/\/www.timbro-express.it\/tendamica\/wp-json\/wp\/v2\/pages\/415\/revisions"}],"predecessor-version":[{"id":871,"href":"https:\/\/www.timbro-express.it\/tendamica\/wp-json\/wp\/v2\/pages\/415\/revisions\/871"}],"up":[{"embeddable":true,"href":"https:\/\/www.timbro-express.it\/tendamica\/wp-json\/wp\/v2\/pages\/119"}],"wp:attachment":[{"href":"https:\/\/www.timbro-express.it\/tendamica\/wp-json\/wp\/v2\/media?parent=415"}],"curies":[{"name":"wp","href":"https:\/\/api.w.org\/{rel}","templated":true}]}}