{"id":119,"date":"2020-02-24T18:59:32","date_gmt":"2020-02-24T17:59:32","guid":{"rendered":"https:\/\/www.timbro-express.it\/tendamica\/?page_id=119"},"modified":"2022-03-08T12:19:09","modified_gmt":"2022-03-08T11:19:09","slug":"pergole","status":"publish","type":"page","link":"https:\/\/www.timbro-express.it\/tendamica\/prodotti\/pergole\/","title":{"rendered":"pergole"},"content":{"rendered":"<div>pergole<\/div>\n<div>\n<p>Le pergole Gibus si ispirano alla pi\u00f9 semplice e antica struttura di protezione del mondo mediterraneo. Pergole <strong>addossate<\/strong> alla parete di un\u2019architettura, o pergole <strong>a isola<\/strong> in un giardino, in riva al mare o a bordo piscina.\u00a0Pergole <strong>a 90\u00b0<\/strong>, che assecondano la linearit\u00e0 dell\u2019orizzonte, o pergole <strong>inclinate<\/strong>, come parte armoniosa di un edificio.\u00a0La struttura \u00e8 robusta e resistente, in alluminio verniciato a polveri; la copertura impacchettabile in PVC con frangitratta.<\/p>\n<p>Tutte le pergole Gibus sono disponibili nelle soluzioni <strong>monomodulo<\/strong> e <strong>plurimodulo<\/strong>, con un numero personalizzabile di gambe portanti, per applicazioni su <strong>spazi di dimensioni diverse<\/strong>.<\/p>\n<\/div>\n<ul>\n<li>\n<p>        <img decoding=\"async\" src=\"\/tendamica\/wp-content\/uploads\/pergole90_2019.jpg\" alt=\"\"><\/p>\n<h3>Pergole 90\u00b0<\/h3>\n<div>\n<p>La camera con vista da collocare nel punto pi\u00f9 panoramico, pi\u00f9 comodo, pi\u00f9 bello. Guardatevi intorno.<\/p>\n<\/div>\n<p><a href=\"\/tendamica\/prodotti\/pergole\/pergole-90\/\"><\/a><\/p>\n<\/li>\n<li>\n<p>        <img decoding=\"async\" src=\"\/tendamica\/wp-content\/uploads\/pergole_inclinate.jpg\" alt=\"\"><\/p>\n<h3>Pergole inclinate<\/h3>\n<div>\n<p>Piccole come un terrazzino o grandi come una piazzetta, danno respiro a ogni vostro ambiente.<\/p>\n<\/div>\n<p><a href=\"\/tendamica\/prodotti\/pergole\/pergole-inclinate\/\"><\/a><\/p>\n<\/li>\n<li>\n<p>        <img decoding=\"async\" src=\"\/tendamica\/wp-content\/uploads\/coperture.jpg\" alt=\"\"><\/p>\n<h3>Coperture<\/h3>\n<div>\n<p>Abbandonatevi a rilassanti momenti all\u2019aria aperta, indifferenti al sole che picchia o alla pioggia battente.<\/p>\n<\/div>\n<p><a href=\"\/tendamica\/prodotti\/pergole\/coperture\/\"><\/a><\/p>\n<\/li>\n<\/ul>\n<ul>\n<li>\n<p>        <img decoding=\"async\" src=\"\/tendamica\/wp-content\/uploads\/vetrate.jpg\" alt=\"\"><\/p>\n<h3>Vetrate<\/h3>\n<div>\n<p>Pergola bioclimatica in estate, soggiorno panoramico in inverno. Tutto merito delle vetrate.<\/p>\n<\/div>\n<p><a href=\"\/tendamica\/prodotti\/bioclimatiche\/vetrate\/\"><\/a><\/p>\n<\/li>\n<li>\n<p>        <img decoding=\"async\" src=\"\/tendamica\/wp-content\/uploads\/chiusure-zip.jpg\" alt=\"\"><\/p>\n<h3>Chiusure Zip<\/h3>\n<div>\n<p>La vita scorre comoda tra quattro pareti. Oscuranti, ombreggianti o trasparenti? Ogni stagione ha le sue.<\/p>\n<\/div>\n<p><a href=\"\/tendamica\/prodotti\/bioclimatiche\/chiusure-zip\/\"><\/a><\/p>\n<\/li>\n<\/ul>\n<p><!--more--><br \/>\n<!-- {\"children\":[{\"type\":\"section\",\"props\":{\"style\":\"default\",\"width\":\"large\",\"vertical_align\":\"middle\",\"title_position\":\"top-left\",\"title_rotation\":\"left\",\"title_breakpoint\":\"xl\",\"image_position\":\"center-center\",\"padding\":\"xsmall\",\"padding_remove_top\":false},\"children\":[{\"type\":\"row\",\"children\":[{\"type\":\"column\",\"props\":{\"image_position\":\"center-center\",\"media_overlay_gradient\":\"\",\"width_medium\":\"1-1\",\"position_sticky_breakpoint\":\"m\"},\"children\":[{\"type\":\"module\",\"props\":{\"widget\":\"breadcrumbs-6\",\"menu_style\":\"nav\",\"margin\":\"remove-vertical\",\"type\":\"breadcrumbs\",\"class\":\"uk-visible\"},\"name\":\"myBreadcrumb\"},{\"type\":\"headline\",\"props\":{\"title_element\":\"div\",\"title_style\":\"heading-medium\",\"title_color\":\"muted\",\"text_align\":\"center\",\"content\":\"pergole\",\"class\":\"uk-text-capitalize uk-text-lighter\"},\"name\":\"pagina titolo\"},{\"type\":\"text\",\"props\":{\"margin\":\"large\",\"column_breakpoint\":\"m\",\"text_style\":\"lead\",\"text_align\":\"left\",\"content\":\"\n\n<p>Le pergole Gibus si ispirano alla pi\\u00f9 semplice e antica struttura di protezione del mondo mediterraneo. Pergole <strong>addossate<\\\/strong> alla parete di un\\u2019architettura, o pergole <strong>a isola<\\\/strong> in un giardino, in riva al mare o a bordo piscina.\\u00a0Pergole <strong>a 90\\u00b0<\\\/strong>, che assecondano la linearit\\u00e0 dell\\u2019orizzonte, o pergole <strong>inclinate<\\\/strong>, come parte armoniosa di un edificio.\\u00a0La struttura \\u00e8 robusta e resistente, in alluminio verniciato a polveri; la copertura impacchettabile in PVC con frangitratta.<\\\/p>\\n\n\n<p>Tutte le pergole Gibus sono disponibili nelle soluzioni <strong>monomodulo<\\\/strong> e <strong>plurimodulo<\\\/strong>, con un numero personalizzabile di gambe portanti, per applicazioni su <strong>spazi di dimensioni diverse<\\\/strong>.<\\\/p>\",\"column_divider\":true}}]}]},{\"type\":\"row\",\"children\":[{\"type\":\"column\",\"props\":{\"image_position\":\"center-center\",\"media_overlay_gradient\":\"\",\"width_medium\":\"1-1\",\"position_sticky_breakpoint\":\"m\"},\"children\":[{\"type\":\"grid\",\"props\":{\"show_title\":true,\"show_meta\":true,\"show_content\":true,\"show_image\":true,\"show_link\":true,\"grid_default\":\"1\",\"grid_medium\":\"3\",\"filter_style\":\"tab\",\"filter_all\":true,\"filter_position\":\"top\",\"filter_align\":\"left\",\"filter_grid_width\":\"auto\",\"filter_grid_breakpoint\":\"m\",\"title_hover_style\":\"heading\",\"title_element\":\"h3\",\"title_align\":\"top\",\"title_grid_width\":\"1-2\",\"title_grid_breakpoint\":\"m\",\"meta_style\":\"meta\",\"meta_align\":\"below-title\",\"image_align\":\"top\",\"image_grid_width\":\"1-2\",\"image_grid_breakpoint\":\"m\",\"image_svg_color\":\"emphasis\",\"link_text\":\"\",\"link_style\":\"default\",\"margin\":\"default\",\"item_animation\":true,\"meta_margin\":\"remove\",\"content_margin\":\"remove\",\"image_transition\":\"scale-down\",\"image_hover_box_shadow\":\"medium\",\"text_align\":\"center\",\"grid_divider\":false,\"image_box_decoration_inverse\":false,\"panel_link\":true,\"icon_width\":80,\"panel_padding\":\"\",\"panel_card_size\":\"small\",\"meta_element\":\"div\",\"content_column_breakpoint\":\"m\"},\"children\":[{\"type\":\"grid_item\",\"props\":{\"title\":\"Pergole 90\\u00b0\",\"image\":\"wp-content\\\/uploads\\\/pergole90_2019.jpg\",\"link\":\"prodotti\\\/pergole\\\/pergole-90\\\/\",\"content\":\"\n\n<p>La camera con vista da collocare nel punto pi\\u00f9 panoramico, pi\\u00f9 comodo, pi\\u00f9 bello. Guardatevi intorno.<\\\/p>\"}},{\"type\":\"grid_item\",\"props\":{\"title\":\"Pergole inclinate\",\"image\":\"wp-content\\\/uploads\\\/pergole_inclinate.jpg\",\"link\":\"prodotti\\\/pergole\\\/pergole-inclinate\\\/\",\"content\":\"\n\n<p>Piccole come un terrazzino o grandi come una piazzetta, danno respiro a ogni vostro ambiente.<\\\/p>\"}},{\"type\":\"grid_item\",\"props\":{\"title\":\"Coperture\",\"image\":\"wp-content\\\/uploads\\\/coperture.jpg\",\"link\":\"prodotti\\\/pergole\\\/coperture\\\/\",\"content\":\"\n\n<p>Abbandonatevi a rilassanti momenti all\\u2019aria aperta, indifferenti al sole che picchia o alla pioggia battente.<\\\/p>\"}}],\"name\":\"griglia\"},{\"type\":\"grid\",\"props\":{\"show_title\":true,\"show_meta\":true,\"show_content\":true,\"show_image\":true,\"show_link\":true,\"grid_default\":\"1\",\"grid_medium\":\"\",\"filter_style\":\"tab\",\"filter_all\":true,\"filter_position\":\"top\",\"filter_align\":\"left\",\"filter_grid_width\":\"auto\",\"filter_grid_breakpoint\":\"m\",\"title_hover_style\":\"heading\",\"title_element\":\"h3\",\"title_align\":\"top\",\"title_grid_width\":\"1-2\",\"title_grid_breakpoint\":\"m\",\"meta_style\":\"meta\",\"meta_align\":\"below-title\",\"image_align\":\"top\",\"image_grid_width\":\"1-2\",\"image_grid_breakpoint\":\"m\",\"image_svg_color\":\"emphasis\",\"link_text\":\"\",\"link_style\":\"default\",\"margin\":\"medium\",\"item_animation\":true,\"grid_small\":\"2\",\"meta_margin\":\"remove\",\"content_margin\":\"remove\",\"image_transition\":\"scale-down\",\"image_hover_box_shadow\":\"medium\",\"maxwidth\":\"2xlarge\",\"block_align\":\"center\",\"text_align\":\"center\",\"grid_divider\":false,\"image_box_decoration_inverse\":false,\"panel_link\":true,\"icon_width\":80,\"panel_padding\":\"\",\"panel_card_size\":\"small\",\"meta_element\":\"div\",\"content_column_breakpoint\":\"m\"},\"children\":[{\"type\":\"grid_item\",\"props\":{\"title\":\"Vetrate\",\"image\":\"wp-content\\\/uploads\\\/vetrate.jpg\",\"link\":\"prodotti\\\/bioclimatiche\\\/vetrate\\\/\",\"content\":\"\n\n<p>Pergola bioclimatica in estate, soggiorno panoramico in inverno. Tutto merito delle vetrate.<\\\/p>\"}},{\"type\":\"grid_item\",\"props\":{\"title\":\"Chiusure Zip\",\"image\":\"wp-content\\\/uploads\\\/chiusure-zip.jpg\",\"link\":\"prodotti\\\/bioclimatiche\\\/chiusure-zip\\\/\",\"content\":\"\n\n<p>La vita scorre comoda tra quattro pareti. Oscuranti, ombreggianti o trasparenti? Ogni stagione ha le sue.<\\\/p>\"}}],\"name\":\"griglia bioclimatiche\"}]}]}],\"name\":\"section rev1\"}],\"version\":\"2.7.20\",\"type\":\"layout\"} --><\/p>\n","protected":false},"excerpt":{"rendered":"<p>pergole Le pergole Gibus si ispirano alla pi\u00f9 semplice e antica struttura di protezione del mondo mediterraneo. Pergole addossate alla parete di un\u2019architettura, o pergole a isola in un giardino, in riva al mare o a bordo piscina.\u00a0Pergole a 90\u00b0, che assecondano la linearit\u00e0 dell\u2019orizzonte, o pergole inclinate, come parte armoniosa di un edificio.\u00a0La struttura [&hellip;]<\/p>\n","protected":false},"author":1,"featured_media":0,"parent":20,"menu_order":0,"comment_status":"closed","ping_status":"closed","template":"","meta":{"footnotes":""},"class_list":["post-119","page","type-page","status-publish","hentry"],"_links":{"self":[{"href":"https:\/\/www.timbro-express.it\/tendamica\/wp-json\/wp\/v2\/pages\/119","targetHints":{"allow":["GET"]}}],"collection":[{"href":"https:\/\/www.timbro-express.it\/tendamica\/wp-json\/wp\/v2\/pages"}],"about":[{"href":"https:\/\/www.timbro-express.it\/tendamica\/wp-json\/wp\/v2\/types\/page"}],"author":[{"embeddable":true,"href":"https:\/\/www.timbro-express.it\/tendamica\/wp-json\/wp\/v2\/users\/1"}],"replies":[{"embeddable":true,"href":"https:\/\/www.timbro-express.it\/tendamica\/wp-json\/wp\/v2\/comments?post=119"}],"version-history":[{"count":16,"href":"https:\/\/www.timbro-express.it\/tendamica\/wp-json\/wp\/v2\/pages\/119\/revisions"}],"predecessor-version":[{"id":1425,"href":"https:\/\/www.timbro-express.it\/tendamica\/wp-json\/wp\/v2\/pages\/119\/revisions\/1425"}],"up":[{"embeddable":true,"href":"https:\/\/www.timbro-express.it\/tendamica\/wp-json\/wp\/v2\/pages\/20"}],"wp:attachment":[{"href":"https:\/\/www.timbro-express.it\/tendamica\/wp-json\/wp\/v2\/media?parent=119"}],"curies":[{"name":"wp","href":"https:\/\/api.w.org\/{rel}","templated":true}]}}